{"id":65,"date":"2018-01-12T06:02:00","date_gmt":"2018-01-04T07:01:03","guid":{"rendered":"http:\/\/buruhan3.themesawesome.com\/home\/"},"modified":"2026-02-20T15:42:55","modified_gmt":"2026-02-20T14:42:55","slug":"home","status":"publish","type":"page","link":"https:\/\/cprevost.com\/","title":{"rendered":"Accueil"},"content":{"rendered":"\t\t<div data-elementor-type=\"wp-post\" data-elementor-id=\"65\" class=\"elementor elementor-65\">\n\t\t\t\t\t\t\t\t\t<section class=\"elementor-section elementor-top-section elementor-element elementor-element-0303cf8 elementor-section-boxed elementor-section-height-default elementor-section-height-default\" data-id=\"0303cf8\" data-element_type=\"section\" data-settings=\"{&quot;background_background&quot;:&quot;classic&quot;,&quot;shape_divider_bottom&quot;:&quot;mountains&quot;}\">\n\t\t\t\t\t\t\t<div class=\"elementor-background-overlay\"><\/div>\n\t\t\t\t\t\t<div class=\"elementor-shape elementor-shape-bottom\" data-negative=\"false\">\n\t\t\t<svg xmlns=\"http:\/\/www.w3.org\/2000\/svg\" viewBox=\"0 0 1000 100\" preserveAspectRatio=\"none\">\n\t<path class=\"elementor-shape-fill\" opacity=\"0.33\" d=\"M473,67.3c-203.9,88.3-263.1-34-320.3,0C66,119.1,0,59.7,0,59.7V0h1000v59.7 c0,0-62.1,26.1-94.9,29.3c-32.8,3.3-62.8-12.3-75.8-22.1C806,49.6,745.3,8.7,694.9,4.7S492.4,59,473,67.3z\"\/>\n\t<path class=\"elementor-shape-fill\" opacity=\"0.66\" d=\"M734,67.3c-45.5,0-77.2-23.2-129.1-39.1c-28.6-8.7-150.3-10.1-254,39.1 s-91.7-34.4-149.2,0C115.7,118.3,0,39.8,0,39.8V0h1000v36.5c0,0-28.2-18.5-92.1-18.5C810.2,18.1,775.7,67.3,734,67.3z\"\/>\n\t<path class=\"elementor-shape-fill\" d=\"M766.1,28.9c-200-57.5-266,65.5-395.1,19.5C242,1.8,242,5.4,184.8,20.6C128,35.8,132.3,44.9,89.9,52.5C28.6,63.7,0,0,0,0 h1000c0,0-9.9,40.9-83.6,48.1S829.6,47,766.1,28.9z\"\/>\n<\/svg>\t\t<\/div>\n\t\t\t\t\t<div class=\"elementor-container elementor-column-gap-default\">\n\t\t\t\t\t<div class=\"elementor-column elementor-col-100 elementor-top-column elementor-element elementor-element-3639456\" data-id=\"3639456\" data-element_type=\"column\">\n\t\t\t<div class=\"elementor-widget-wrap elementor-element-populated\">\n\t\t\t\t\t\t\t\t<section class=\"elementor-section elementor-inner-section elementor-element elementor-element-3fd0a2a elementor-section-boxed elementor-section-height-default elementor-section-height-default\" data-id=\"3fd0a2a\" data-element_type=\"section\">\n\t\t\t\t\t\t<div class=\"elementor-container elementor-column-gap-default\">\n\t\t\t\t\t<div class=\"elementor-column elementor-col-50 elementor-inner-column elementor-element elementor-element-751e18e\" data-id=\"751e18e\" data-element_type=\"column\">\n\t\t\t<div class=\"elementor-widget-wrap elementor-element-populated\">\n\t\t\t\t\t\t\t\t<div class=\"elementor-element elementor-element-110f977 elementor-widget__width-initial the-title-left elementor-widget elementor-widget-buruhan-head-title\" data-id=\"110f977\" data-element_type=\"widget\" data-widget_type=\"buruhan-head-title.default\">\n\t\t\t\t<div class=\"elementor-widget-container\">\n\t\t\t\r\n<div class=\"head-title head-title-1 text-left bg-image clearfix\">\r\n\t<h1 class=\"the-title\">\r\n\t\tUX\/UI Designer , je cr\u00e9e des exp\u00e9riences num\u00e9riques accessibles (RGAA) et j'explore l'IA pour des interfaces intelligentes et intuitives.\t<\/h1>\r\n\r\n\t<\/div>\r\n\t\t\t\t<\/div>\n\t\t\t\t<\/div>\n\t\t\t\t<div class=\"elementor-element elementor-element-1705d0c elementor-widget__width-inherit elementor-widget elementor-widget-buruhan-text\" data-id=\"1705d0c\" data-element_type=\"widget\" data-widget_type=\"buruhan-text.default\">\n\t\t\t\t<div class=\"elementor-widget-container\">\n\t\t\t<div class=\"buruhan-text clearfix\">\r\n<p>Je mets mes comp\u00e9tences au service des entreprises en r\u00e9alisant une analyse approfondie des besoins des utilisateurs, en concevant des parcours intuitifs et en testant les produits pour garantir leur efficacit\u00e9.<\/p><\/div>\t\t<\/div>\n\t\t\t\t<\/div>\n\t\t\t\t\t<\/div>\n\t\t<\/div>\n\t\t\t\t<div class=\"elementor-column elementor-col-50 elementor-inner-column elementor-element elementor-element-3cb25c0\" data-id=\"3cb25c0\" data-element_type=\"column\">\n\t\t\t<div class=\"elementor-widget-wrap\">\n\t\t\t\t\t\t\t\t\t<\/div>\n\t\t<\/div>\n\t\t\t\t\t\t\t<\/div>\n\t\t<\/section>\n\t\t\t\t<div class=\"elementor-element elementor-element-8c20729 elementor-widget elementor-widget-button\" data-id=\"8c20729\" data-element_type=\"widget\" data-widget_type=\"button.default\">\n\t\t\t\t<div class=\"elementor-widget-container\">\n\t\t\t\t\t<div class=\"elementor-button-wrapper\">\n\t\t\t<a href=\"https:\/\/cprevost.com\/wp-content\/uploads\/2025\/07\/CV-2025.pdf\" target=\"_blank\" class=\"elementor-button-link elementor-button elementor-size-sm elementor-animation-sink\" role=\"button\">\n\t\t\t\t\t\t<span class=\"elementor-button-content-wrapper\">\n\t\t\t\t\t\t\t<span class=\"elementor-button-icon elementor-align-icon-right\">\n\t\t\t\t<i aria-hidden=\"true\" class=\"far fa-eye\"><\/i>\t\t\t<\/span>\n\t\t\t\t\t\t<span class=\"elementor-button-text\">Voir le CV<\/span>\n\t\t<\/span>\n\t\t\t\t\t<\/a>\n\t\t<\/div>\n\t\t\t\t<\/div>\n\t\t\t\t<\/div>\n\t\t\t\t\t<\/div>\n\t\t<\/div>\n\t\t\t\t\t\t\t<\/div>\n\t\t<\/section>\n\t\t\t\t<section class=\"elementor-section elementor-top-section elementor-element elementor-element-d3483e0 elementor-section-boxed elementor-section-height-default elementor-section-height-default\" data-id=\"d3483e0\" data-element_type=\"section\" data-settings=\"{&quot;background_background&quot;:&quot;classic&quot;,&quot;shape_divider_bottom&quot;:&quot;mountains&quot;}\">\n\t\t\t\t\t<div class=\"elementor-shape elementor-shape-bottom\" data-negative=\"false\">\n\t\t\t<svg xmlns=\"http:\/\/www.w3.org\/2000\/svg\" viewBox=\"0 0 1000 100\" preserveAspectRatio=\"none\">\n\t<path class=\"elementor-shape-fill\" opacity=\"0.33\" d=\"M473,67.3c-203.9,88.3-263.1-34-320.3,0C66,119.1,0,59.7,0,59.7V0h1000v59.7 c0,0-62.1,26.1-94.9,29.3c-32.8,3.3-62.8-12.3-75.8-22.1C806,49.6,745.3,8.7,694.9,4.7S492.4,59,473,67.3z\"\/>\n\t<path class=\"elementor-shape-fill\" opacity=\"0.66\" d=\"M734,67.3c-45.5,0-77.2-23.2-129.1-39.1c-28.6-8.7-150.3-10.1-254,39.1 s-91.7-34.4-149.2,0C115.7,118.3,0,39.8,0,39.8V0h1000v36.5c0,0-28.2-18.5-92.1-18.5C810.2,18.1,775.7,67.3,734,67.3z\"\/>\n\t<path class=\"elementor-shape-fill\" d=\"M766.1,28.9c-200-57.5-266,65.5-395.1,19.5C242,1.8,242,5.4,184.8,20.6C128,35.8,132.3,44.9,89.9,52.5C28.6,63.7,0,0,0,0 h1000c0,0-9.9,40.9-83.6,48.1S829.6,47,766.1,28.9z\"\/>\n<\/svg>\t\t<\/div>\n\t\t\t\t\t<div class=\"elementor-container elementor-column-gap-default\">\n\t\t\t\t\t<div class=\"elementor-column elementor-col-100 elementor-top-column elementor-element elementor-element-4055ead\" data-id=\"4055ead\" data-element_type=\"column\">\n\t\t\t<div class=\"elementor-widget-wrap elementor-element-populated\">\n\t\t\t\t\t\t\t\t<div class=\"elementor-element elementor-element-e1bb257 mix-filter-use extra-padding-use elementor-widget elementor-widget-buruhan-portfolio-block\" data-id=\"e1bb257\" data-element_type=\"widget\" data-widget_type=\"buruhan-portfolio-block.default\">\n\t\t\t\t<div class=\"elementor-widget-container\">\n\t\t\t\r\n<div id=\"some-1143753177\" class=\"portfolio-grid-block porf-hidetitle-st clearfix\">\r\n\r\n\t\t<div class=\"filter-wraper\">\r\n\t\t<div id=\"mobile-filter-id\" class=\"mobile-filter container clearfix\">\r\n\t\t\t<button id=\"filter-icon\">\r\n\t\t\t<span class=\"bar bar-1\"><\/span>\r\n\t\t\t<span class=\"bar bar-2\"><\/span>\r\n\t\t\t<span class=\"bar bar-3\"><\/span>\r\n\t\t\t<span class=\"bar bar-4\"><\/span>\r\n\t\t\t<\/button>\r\n\t\t<\/div>\r\n\t\t<ul id=\"portfolio-filter\" class=\"filters container style-2 clearfix\"><li class=\"activeFilter\"><a data-filter=\"*\" href=\"#\" class=\"filter-btn\">All<\/a><\/li><\/ul>\t<\/div>\r\n\t<!-- #portfolio-filter end -->\r\n\r\n\t<div class=\"portfolio-block-wrap grid-template porto-grid-wrap-loop-infinte-post-list column-3 clearfix\">\r\n\r\n\t\t\r\n\t\t<div class=\"portfo-block-item grid-item mobile-column-1 tablet-column-2 \">\r\n\t\t\t<div class=\"item-wrap\">\r\n\t\t\t\t<a href=\"https:\/\/cprevost.com\/?portfolio=mod-marketplace-on-demande\">\r\n\t\t\t\t<figure class=\"imghvr-blur\">\r\n\t\t\t\t\t<img loading=\"lazy\" decoding=\"async\" src=\"https:\/\/cprevost.com\/wp-content\/uploads\/2023\/01\/mod-miniature-373x373.png\" alt=\"MOD : Marketplace On Demande\" width=\"373\" height=\"373\">\r\n\t\t\t\t\t<figcaption >\r\n\t\t\t\t\t\t<div class=\"caption-inside\">\r\n\r\n\t\t\t\t\t\t\t<!-- if use title -->\r\n\t\t\t\t\t\t\t<h3 class=\"portfolio-loop-title ih-fade-down ih-delay-sm\">\r\n\t\t\t\t\t\t\t\tMOD : Marketplace On Demande\t\t\t\t\t\t\t<\/h3>\r\n\t\t\t\t\t\t\t<!-- if use title -->\r\n\r\n\t\t\t\t\t\t\t<!-- if use category -->\r\n\t\t\t\t\t\t\t<h5 class=\"portfolio-category ih-fade-up ih-delay-sm\"><\/h5>\r\n\t\t\t\t\t\t\t<!-- if use category -->\r\n\r\n\t\t\t\t\t\t<\/div>\r\n\t\t\t\t\t<\/figcaption>\r\n\t\t\t\t<\/figure>\r\n\t\t\t\t<\/a>\r\n\t\t\t<\/div>\r\n\t\t<\/div>\r\n\r\n\t\t\r\n\t\t<div class=\"portfo-block-item grid-item mobile-column-1 tablet-column-2 \">\r\n\t\t\t<div class=\"item-wrap\">\r\n\t\t\t\t<a href=\"https:\/\/cprevost.com\/?portfolio=ohrac-nft\">\r\n\t\t\t\t<figure class=\"imghvr-blur\">\r\n\t\t\t\t\t<img loading=\"lazy\" decoding=\"async\" src=\"https:\/\/cprevost.com\/wp-content\/uploads\/2023\/01\/ohrac-miniature-373x373.png\" alt=\"OHRAC NFT\" width=\"373\" height=\"373\">\r\n\t\t\t\t\t<figcaption >\r\n\t\t\t\t\t\t<div class=\"caption-inside\">\r\n\r\n\t\t\t\t\t\t\t<!-- if use title -->\r\n\t\t\t\t\t\t\t<h3 class=\"portfolio-loop-title ih-fade-down ih-delay-sm\">\r\n\t\t\t\t\t\t\t\tOHRAC NFT\t\t\t\t\t\t\t<\/h3>\r\n\t\t\t\t\t\t\t<!-- if use title -->\r\n\r\n\t\t\t\t\t\t\t<!-- if use category -->\r\n\t\t\t\t\t\t\t<h5 class=\"portfolio-category ih-fade-up ih-delay-sm\"><\/h5>\r\n\t\t\t\t\t\t\t<!-- if use category -->\r\n\r\n\t\t\t\t\t\t<\/div>\r\n\t\t\t\t\t<\/figcaption>\r\n\t\t\t\t<\/figure>\r\n\t\t\t\t<\/a>\r\n\t\t\t<\/div>\r\n\t\t<\/div>\r\n\r\n\t\t\r\n\t\t<div class=\"portfo-block-item grid-item mobile-column-1 tablet-column-2 \">\r\n\t\t\t<div class=\"item-wrap\">\r\n\t\t\t\t<a href=\"https:\/\/cprevost.com\/?portfolio=dpr\">\r\n\t\t\t\t<figure class=\"imghvr-blur\">\r\n\t\t\t\t\t<img loading=\"lazy\" decoding=\"async\" src=\"https:\/\/cprevost.com\/wp-content\/uploads\/2023\/01\/image-miniature-DPR-373x373.png\" alt=\"DPR\" width=\"373\" height=\"373\">\r\n\t\t\t\t\t<figcaption >\r\n\t\t\t\t\t\t<div class=\"caption-inside\">\r\n\r\n\t\t\t\t\t\t\t<!-- if use title -->\r\n\t\t\t\t\t\t\t<h3 class=\"portfolio-loop-title ih-fade-down ih-delay-sm\">\r\n\t\t\t\t\t\t\t\tDPR\t\t\t\t\t\t\t<\/h3>\r\n\t\t\t\t\t\t\t<!-- if use title -->\r\n\r\n\t\t\t\t\t\t\t<!-- if use category -->\r\n\t\t\t\t\t\t\t<h5 class=\"portfolio-category ih-fade-up ih-delay-sm\"><\/h5>\r\n\t\t\t\t\t\t\t<!-- if use category -->\r\n\r\n\t\t\t\t\t\t<\/div>\r\n\t\t\t\t\t<\/figcaption>\r\n\t\t\t\t<\/figure>\r\n\t\t\t\t<\/a>\r\n\t\t\t<\/div>\r\n\t\t<\/div>\r\n\r\n\t\t\r\n\t\t<div class=\"portfo-block-item grid-item mobile-column-1 tablet-column-2 \">\r\n\t\t\t<div class=\"item-wrap\">\r\n\t\t\t\t<a href=\"https:\/\/cprevost.com\/?portfolio=grand-orient-de-france\">\r\n\t\t\t\t<figure class=\"imghvr-blur\">\r\n\t\t\t\t\t<img loading=\"lazy\" decoding=\"async\" src=\"https:\/\/cprevost.com\/wp-content\/uploads\/2023\/01\/image-miniature-godf-1-373x373.png\" alt=\"Grand Orient De France\" width=\"373\" height=\"373\">\r\n\t\t\t\t\t<figcaption >\r\n\t\t\t\t\t\t<div class=\"caption-inside\">\r\n\r\n\t\t\t\t\t\t\t<!-- if use title -->\r\n\t\t\t\t\t\t\t<h3 class=\"portfolio-loop-title ih-fade-down ih-delay-sm\">\r\n\t\t\t\t\t\t\t\tGrand Orient De France\t\t\t\t\t\t\t<\/h3>\r\n\t\t\t\t\t\t\t<!-- if use title -->\r\n\r\n\t\t\t\t\t\t\t<!-- if use category -->\r\n\t\t\t\t\t\t\t<h5 class=\"portfolio-category ih-fade-up ih-delay-sm\"><\/h5>\r\n\t\t\t\t\t\t\t<!-- if use category -->\r\n\r\n\t\t\t\t\t\t<\/div>\r\n\t\t\t\t\t<\/figcaption>\r\n\t\t\t\t<\/figure>\r\n\t\t\t\t<\/a>\r\n\t\t\t<\/div>\r\n\t\t<\/div>\r\n\r\n\t\t\r\n\t\t<div class=\"portfo-block-item grid-item mobile-column-1 tablet-column-2 \">\r\n\t\t\t<div class=\"item-wrap\">\r\n\t\t\t\t<a href=\"https:\/\/cprevost.com\/?portfolio=ircem\">\r\n\t\t\t\t<figure class=\"imghvr-blur\">\r\n\t\t\t\t\t<img loading=\"lazy\" decoding=\"async\" src=\"https:\/\/cprevost.com\/wp-content\/uploads\/2023\/01\/image-miniature-ircem-373x373.png\" alt=\"IRCEM\" width=\"373\" height=\"373\">\r\n\t\t\t\t\t<figcaption >\r\n\t\t\t\t\t\t<div class=\"caption-inside\">\r\n\r\n\t\t\t\t\t\t\t<!-- if use title -->\r\n\t\t\t\t\t\t\t<h3 class=\"portfolio-loop-title ih-fade-down ih-delay-sm\">\r\n\t\t\t\t\t\t\t\tIRCEM\t\t\t\t\t\t\t<\/h3>\r\n\t\t\t\t\t\t\t<!-- if use title -->\r\n\r\n\t\t\t\t\t\t\t<!-- if use category -->\r\n\t\t\t\t\t\t\t<h5 class=\"portfolio-category ih-fade-up ih-delay-sm\"><\/h5>\r\n\t\t\t\t\t\t\t<!-- if use category -->\r\n\r\n\t\t\t\t\t\t<\/div>\r\n\t\t\t\t\t<\/figcaption>\r\n\t\t\t\t<\/figure>\r\n\t\t\t\t<\/a>\r\n\t\t\t<\/div>\r\n\t\t<\/div>\r\n\r\n\t\t\r\n\t\t<div class=\"portfo-block-item grid-item mobile-column-1 tablet-column-2 \">\r\n\t\t\t<div class=\"item-wrap\">\r\n\t\t\t\t<a href=\"https:\/\/cprevost.com\/?portfolio=ovh\">\r\n\t\t\t\t<figure class=\"imghvr-blur\">\r\n\t\t\t\t\t<img loading=\"lazy\" decoding=\"async\" src=\"https:\/\/cprevost.com\/wp-content\/uploads\/2023\/01\/ovh-miniature-373x373.png\" alt=\"OVH\" width=\"373\" height=\"373\">\r\n\t\t\t\t\t<figcaption >\r\n\t\t\t\t\t\t<div class=\"caption-inside\">\r\n\r\n\t\t\t\t\t\t\t<!-- if use title -->\r\n\t\t\t\t\t\t\t<h3 class=\"portfolio-loop-title ih-fade-down ih-delay-sm\">\r\n\t\t\t\t\t\t\t\tOVH\t\t\t\t\t\t\t<\/h3>\r\n\t\t\t\t\t\t\t<!-- if use title -->\r\n\r\n\t\t\t\t\t\t\t<!-- if use category -->\r\n\t\t\t\t\t\t\t<h5 class=\"portfolio-category ih-fade-up ih-delay-sm\"><\/h5>\r\n\t\t\t\t\t\t\t<!-- if use category -->\r\n\r\n\t\t\t\t\t\t<\/div>\r\n\t\t\t\t\t<\/figcaption>\r\n\t\t\t\t<\/figure>\r\n\t\t\t\t<\/a>\r\n\t\t\t<\/div>\r\n\t\t<\/div>\r\n\r\n\t\t\t\r\n\t<\/div>\r\n\r\n\t\r\n\t\t<div class=\"container clearfix\">\r\n\t\t\t\t<div class=\"navigation-paging infinite-wrap style-3 clearfix\">\r\n\t\t\t\t\t<div id=\"load-more-loop-grid-1-loop-infinte-post-list\" class=\"infinite-button\">\r\n\t\t\t\t<a href=\"https:\/\/cprevost.com\/index.php?rest_route=%2Fwp%2Fv2%2Fpages%2F65&#038;paged=2\" ><\/a>\t\t\t<\/div>\r\n\t\t\t<button id=\"load-infinite-loop-grid11\" class=\"btn\">Load More<\/button>\r\n\t\t<\/div>\r\n\t<\/div>\r\n\t\r\n<\/div>\r\n\t\t<script type=\"text\/javascript\">\r\n\t(function($) {\r\n\t'use strict';\r\n\r\n\t\t$(window).on('load', function(){\r\n\r\n\t\t\t\t$('#some-1143753177 figcaption .caption-inside').css('transform', 'translate(-50%, -50%)');\r\n\r\n\t\t\t\tvar $grid = $('.grid-template').imagesLoaded( function() {\r\n\t\t\t\t\t\/\/ init Masonry after all images have loaded\r\n\t\t\t\t\t$grid.isotope({\r\n\t\t\t\t\t\ttransitionDuration: '0.65s',\r\n\t\t\t\t\t\tinitLayout: true,\r\n\t\t\t\t\t\tcolumnWidth: '.grid-item',\r\n\t\t\t\t\t\titemSelector: '.grid-item',\r\n\t\t\t\t\t\tfitWidth: true,\r\n\t\t\t\t\t\tstagger: 30,\r\n\t\t\t\t\t});\r\n\t\t\t\t});\r\n\r\n\t\t\t\t\t\t\t\tvar $container = $('.porto-grid-wrap-loop-infinte-post-list');\r\n\r\n\t\t\t\t\/\/ Infinite Scroll\r\n\t\t\t\t$container.infinitescroll({\r\n\t\t\t\tloading: {\r\n\t\t\t\tfinishedMsg: 'There is no more',\r\n\t\t\t\timg: \"https:\/\/cprevost.com\/wp-content\/themes\/buruhan\/img\/loader.gif\",\r\n\t\t\t\tmsgText: 'loading',\r\n\t\t\t\tspeed: 'normal'\r\n\t\t\t\t\t},\r\n\r\n\t\t\t\tstate: {\r\n\t\t\t\tisDone: false\r\n\t\t\t\t},\r\n\t\t\t\t\tnavSelector  : '#load-more-loop-grid-1-loop-infinte-post-list', \r\n\t\t\t\t\tnextSelector : '#load-more-loop-grid-1-loop-infinte-post-list a', \r\n\t\t\t\t\titemSelector : '.porto-grid-wrap-loop-infinte-post-list .grid-item',\r\n\r\n\t\t\t\t},\r\n\t\t\t\tfunction( newElements ) {\r\n\t\t\t\t\tvar $newElems = $( newElements ).css({ opacity: 0 });\r\n\t\t\t\t\t$newElems.imagesLoaded(function(){\r\n\t\t\t\t\t\t$newElems.animate({ opacity: 1 });\r\n\t\t\t\t\t\t$container.isotope( 'appended', $newElems, true );\r\n\t\t\t\t\t});\r\n\t\t\t\t\t$('.grid-template').css('margin-bottom', 0);\r\n\t\t\t\t});\r\n\r\n\t\t\t\t$container.infinitescroll('unbind');\r\n\t\t\t\t  $(\"#load-infinite-loop-grid11\").click(function(){\r\n\t\t\t\t\t\t$container.infinitescroll('retrieve');\r\n\t\t\t\t\t\t$('.grid-template').css('margin-bottom', 120);\r\n\t\t\t\t\t\t return false;\r\n\r\n\t\t\t\t});\r\n\t\t\t\t\r\n\r\n\t\t\t\t\t\t\t\t$('#portfolio-filter a').click(function(){\r\n\t\t\t\t\t$('#portfolio-filter li').removeClass('activeFilter');\r\n\t\t\t\t\t$(this).parent('li').addClass('activeFilter');\r\n\t\t\t\t\tvar selector = $(this).attr('data-filter');\r\n\t\t\t\t\t$grid.isotope({ filter: selector });\r\n\t\t\t\t\treturn false;\r\n\t\t\t\t});\r\n\t\t\t\t\t\t});\r\n\r\n\t})( jQuery );\r\n\t<\/script><!-- Portfolio Script End -->\r\n\r\n\r\n\t\t\t\t<\/div>\n\t\t\t\t<\/div>\n\t\t\t\t\t<\/div>\n\t\t<\/div>\n\t\t\t\t\t\t\t<\/div>\n\t\t<\/section>\n\t\t\t\t<section class=\"elementor-section elementor-top-section elementor-element elementor-element-6c8349d elementor-section-boxed elementor-section-height-default elementor-section-height-default\" data-id=\"6c8349d\" data-element_type=\"section\" data-settings=\"{&quot;background_background&quot;:&quot;classic&quot;}\">\n\t\t\t\t\t\t<div class=\"elementor-container elementor-column-gap-default\">\n\t\t\t\t\t<div class=\"elementor-column elementor-col-50 elementor-top-column elementor-element elementor-element-e3a8c8f\" data-id=\"e3a8c8f\" data-element_type=\"column\">\n\t\t\t<div class=\"elementor-widget-wrap elementor-element-populated\">\n\t\t\t\t\t\t\t\t<div class=\"elementor-element elementor-element-c333d34 the-title-center the-title-left elementor-widget elementor-widget-buruhan-head-title\" data-id=\"c333d34\" data-element_type=\"widget\" data-widget_type=\"buruhan-head-title.default\">\n\t\t\t\t<div class=\"elementor-widget-container\">\n\t\t\t<div class=\"head-title head-title-2 text-left clearfix\">\r\n\t<h2 class=\"the-title\">\r\n\t\t\t\tN'h\u00e9sitez pas \u00e0 me contacter\t<\/h2>\r\n<\/div>\r\n\t\t\t\t<\/div>\n\t\t\t\t<\/div>\n\t\t\t\t\t<\/div>\n\t\t<\/div>\n\t\t\t\t<div class=\"elementor-column elementor-col-50 elementor-top-column elementor-element elementor-element-4fb4229\" data-id=\"4fb4229\" data-element_type=\"column\">\n\t\t\t<div class=\"elementor-widget-wrap elementor-element-populated\">\n\t\t\t\t\t\t\t\t<div class=\"elementor-element elementor-element-5d195e2 elementor-align-right elementor-mobile-align-center elementor-widget elementor-widget-button\" data-id=\"5d195e2\" data-element_type=\"widget\" data-widget_type=\"button.default\">\n\t\t\t\t<div class=\"elementor-widget-container\">\n\t\t\t\t\t<div class=\"elementor-button-wrapper\">\n\t\t\t<a href=\"https:\/\/cprevost.com\/contact\/\" class=\"elementor-button-link elementor-button elementor-size-md elementor-animation-sink\" role=\"button\">\n\t\t\t\t\t\t<span class=\"elementor-button-content-wrapper\">\n\t\t\t\t\t\t<span class=\"elementor-button-text\">C'EST ICI<\/span>\n\t\t<\/span>\n\t\t\t\t\t<\/a>\n\t\t<\/div>\n\t\t\t\t<\/div>\n\t\t\t\t<\/div>\n\t\t\t\t\t<\/div>\n\t\t<\/div>\n\t\t\t\t\t\t\t<\/div>\n\t\t<\/section>\n\t\t\t\t\t\t\t<\/div>\n\t\t","protected":false},"excerpt":{"rendered":"<p>Voir le CV C&#8217;EST ICI<\/p>\n","protected":false},"author":1,"featured_media":0,"parent":0,"menu_order":0,"comment_status":"closed","ping_status":"closed","template":"template\/page-builder-template.php","meta":{"footnotes":""},"class_list":["post-65","page","type-page","status-publish","hentry"],"acf":[],"yoast_head":"<!-- This site is optimized with the Yoast SEO plugin v20.0 - https:\/\/yoast.com\/wordpress\/plugins\/seo\/ -->\n<title>Accueil - cprevost<\/title>\n<meta name=\"robots\" content=\"noindex, follow\" \/>\n<meta property=\"og:locale\" content=\"fr_FR\" \/>\n<meta property=\"og:type\" content=\"article\" \/>\n<meta property=\"og:title\" content=\"Accueil - cprevost\" \/>\n<meta property=\"og:description\" content=\"Voir le CV C&#8217;EST ICI\" \/>\n<meta property=\"og:url\" content=\"https:\/\/cprevost.com\/\" \/>\n<meta property=\"og:site_name\" content=\"cprevost\" \/>\n<meta property=\"article:modified_time\" content=\"2026-02-20T14:42:55+00:00\" \/>\n<meta name=\"twitter:card\" content=\"summary_large_image\" \/>\n<meta name=\"twitter:label1\" content=\"Dur\u00e9e de lecture estim\u00e9e\" \/>\n\t<meta name=\"twitter:data1\" content=\"3 minutes\" \/>\n<script type=\"application\/ld+json\" class=\"yoast-schema-graph\">{\"@context\":\"https:\/\/schema.org\",\"@graph\":[{\"@type\":\"WebPage\",\"@id\":\"https:\/\/cprevost.com\/\",\"url\":\"https:\/\/cprevost.com\/\",\"name\":\"Accueil - cprevost\",\"isPartOf\":{\"@id\":\"https:\/\/cprevost.com\/#website\"},\"datePublished\":\"2018-01-04T07:01:03+00:00\",\"dateModified\":\"2026-02-20T14:42:55+00:00\",\"breadcrumb\":{\"@id\":\"https:\/\/cprevost.com\/#breadcrumb\"},\"inLanguage\":\"fr-FR\",\"potentialAction\":[{\"@type\":\"ReadAction\",\"target\":[\"https:\/\/cprevost.com\/\"]}]},{\"@type\":\"BreadcrumbList\",\"@id\":\"https:\/\/cprevost.com\/#breadcrumb\",\"itemListElement\":[{\"@type\":\"ListItem\",\"position\":1,\"name\":\"Accueil\",\"item\":\"https:\/\/cprevost.com\/\"},{\"@type\":\"ListItem\",\"position\":2,\"name\":\"Accueil\"}]},{\"@type\":\"WebSite\",\"@id\":\"https:\/\/cprevost.com\/#website\",\"url\":\"https:\/\/cprevost.com\/\",\"name\":\"cprevost\",\"description\":\"\",\"potentialAction\":[{\"@type\":\"SearchAction\",\"target\":{\"@type\":\"EntryPoint\",\"urlTemplate\":\"https:\/\/cprevost.com\/?s={search_term_string}\"},\"query-input\":\"required name=search_term_string\"}],\"inLanguage\":\"fr-FR\"}]}<\/script>\n<!-- \/ Yoast SEO plugin. -->","yoast_head_json":{"title":"Accueil - cprevost","robots":{"index":"noindex","follow":"follow"},"og_locale":"fr_FR","og_type":"article","og_title":"Accueil - cprevost","og_description":"Voir le CV C&#8217;EST ICI","og_url":"https:\/\/cprevost.com\/","og_site_name":"cprevost","article_modified_time":"2026-02-20T14:42:55+00:00","twitter_card":"summary_large_image","twitter_misc":{"Dur\u00e9e de lecture estim\u00e9e":"3 minutes"},"schema":{"@context":"https:\/\/schema.org","@graph":[{"@type":"WebPage","@id":"https:\/\/cprevost.com\/","url":"https:\/\/cprevost.com\/","name":"Accueil - cprevost","isPartOf":{"@id":"https:\/\/cprevost.com\/#website"},"datePublished":"2018-01-04T07:01:03+00:00","dateModified":"2026-02-20T14:42:55+00:00","breadcrumb":{"@id":"https:\/\/cprevost.com\/#breadcrumb"},"inLanguage":"fr-FR","potentialAction":[{"@type":"ReadAction","target":["https:\/\/cprevost.com\/"]}]},{"@type":"BreadcrumbList","@id":"https:\/\/cprevost.com\/#breadcrumb","itemListElement":[{"@type":"ListItem","position":1,"name":"Accueil","item":"https:\/\/cprevost.com\/"},{"@type":"ListItem","position":2,"name":"Accueil"}]},{"@type":"WebSite","@id":"https:\/\/cprevost.com\/#website","url":"https:\/\/cprevost.com\/","name":"cprevost","description":"","potentialAction":[{"@type":"SearchAction","target":{"@type":"EntryPoint","urlTemplate":"https:\/\/cprevost.com\/?s={search_term_string}"},"query-input":"required name=search_term_string"}],"inLanguage":"fr-FR"}]}},"_links":{"self":[{"href":"https:\/\/cprevost.com\/index.php?rest_route=\/wp\/v2\/pages\/65","targetHints":{"allow":["GET"]}}],"collection":[{"href":"https:\/\/cprevost.com\/index.php?rest_route=\/wp\/v2\/pages"}],"about":[{"href":"https:\/\/cprevost.com\/index.php?rest_route=\/wp\/v2\/types\/page"}],"author":[{"embeddable":true,"href":"https:\/\/cprevost.com\/index.php?rest_route=\/wp\/v2\/users\/1"}],"replies":[{"embeddable":true,"href":"https:\/\/cprevost.com\/index.php?rest_route=%2Fwp%2Fv2%2Fcomments&post=65"}],"version-history":[{"count":109,"href":"https:\/\/cprevost.com\/index.php?rest_route=\/wp\/v2\/pages\/65\/revisions"}],"predecessor-version":[{"id":1090,"href":"https:\/\/cprevost.com\/index.php?rest_route=\/wp\/v2\/pages\/65\/revisions\/1090"}],"wp:attachment":[{"href":"https:\/\/cprevost.com\/index.php?rest_route=%2Fwp%2Fv2%2Fmedia&parent=65"}],"curies":[{"name":"wp","href":"https:\/\/api.w.org\/{rel}","templated":true}]}}